{"id":76,"date":"2025-08-14T18:43:11","date_gmt":"2025-08-14T18:43:11","guid":{"rendered":"https:\/\/www.barisaihtiyacimvar.com\/?page_id=76"},"modified":"2025-12-30T17:43:16","modified_gmt":"2025-12-30T17:43:16","slug":"metinlerimiz","status":"publish","type":"page","link":"https:\/\/www.barisaihtiyacimvar.com\/index.php\/metinlerimiz\/","title":{"rendered":"Metinlerimiz"},"content":{"rendered":"\t\t<div data-elementor-type=\"wp-page\" data-elementor-id=\"76\" class=\"elementor elementor-76\">\n\t\t\t\t\t\t<section class=\"elementor-section elementor-top-section elementor-element elementor-element-3dbb58d50 elementor-section-boxed elementor-section-height-default elementor-section-height-default wpr-particle-no wpr-jarallax-no wpr-parallax-no wpr-sticky-section-no wpr-column-slider-no wpr-equal-height-no\" data-id=\"3dbb58d50\" data-element_type=\"section\" data-e-type=\"section\" data-settings=\"{&quot;background_background&quot;:&quot;classic&quot;}\">\n\t\t\t\t\t\t\t<div class=\"elementor-background-overlay\"><\/div>\n\t\t\t\t\t\t\t<div class=\"elementor-container elementor-column-gap-default\">\n\t\t\t\t\t<div class=\"elementor-column elementor-col-100 elementor-top-column elementor-element elementor-element-14a213e9\" data-id=\"14a213e9\" data-element_type=\"column\" data-e-type=\"column\">\n\t\t\t<div class=\"elementor-widget-wrap elementor-element-populated\">\n\t\t\t\t\t\t<div class=\"elementor-element elementor-element-64ff5fb1 elementor-widget elementor-widget-heading\" data-id=\"64ff5fb1\" data-element_type=\"widget\" data-e-type=\"widget\" data-widget_type=\"heading.default\">\n\t\t\t\t\t<h2 class=\"elementor-heading-title elementor-size-default\">Metinlerimiz<\/h2>\t\t\t\t<\/div>\n\t\t\t\t\t<\/div>\n\t\t<\/div>\n\t\t\t\t\t<\/div>\n\t\t<\/section>\n\t\t\t\t<section class=\"elementor-section elementor-top-section elementor-element elementor-element-6f744e63 elementor-section-boxed elementor-section-height-default elementor-section-height-default wpr-particle-no wpr-jarallax-no wpr-parallax-no wpr-sticky-section-no wpr-column-slider-no wpr-equal-height-no\" data-id=\"6f744e63\" data-element_type=\"section\" data-e-type=\"section\">\n\t\t\t\t\t\t<div class=\"elementor-container elementor-column-gap-default\">\n\t\t\t\t\t<div class=\"elementor-column elementor-col-100 elementor-top-column elementor-element elementor-element-349aa220\" data-id=\"349aa220\" data-element_type=\"column\" data-e-type=\"column\">\n\t\t\t<div class=\"elementor-widget-wrap elementor-element-populated\">\n\t\t\t\t\t\t<div class=\"elementor-element elementor-element-0d89650 wpr-grid-columns-3 wpr-grid-columns--tablet2 wpr-grid-columns--mobile1 wpr-grid-pagination-center wpr-item-styles-inner elementor-widget elementor-widget-wpr-grid\" data-id=\"0d89650\" data-element_type=\"widget\" data-e-type=\"widget\" data-widget_type=\"wpr-grid.default\">\n\t\t\t\t\t<ul class=\"wpr-grid-filters elementor-clearfix wpr-grid-filters-sep-right\"><li class=\" wpr-pointer-none wpr-pointer-line-fx wpr-pointer-fx-none\"><span   data-ajax-filter=[\"category\",\"metinlerimiz\"]  data-filter=\".category-metinlerimiz\">Metinlerimiz<\/span><em class=\"wpr-grid-filters-sep\"><\/em><\/li><\/ul><section class=\"wpr-grid elementor-clearfix\" data-settings=\"{&quot;layout&quot;:&quot;fitRows&quot;,&quot;stick_last_element_to_bottom&quot;:&quot;&quot;,&quot;columns_desktop&quot;:3,&quot;gutter_hr&quot;:15,&quot;gutter_hr_mobile&quot;:15,&quot;gutter_hr_mobile_extra&quot;:15,&quot;gutter_hr_tablet&quot;:15,&quot;gutter_hr_tablet_extra&quot;:15,&quot;gutter_hr_laptop&quot;:15,&quot;gutter_hr_widescreen&quot;:15,&quot;gutter_vr&quot;:15,&quot;gutter_vr_mobile&quot;:15,&quot;gutter_vr_mobile_extra&quot;:15,&quot;gutter_vr_tablet&quot;:15,&quot;gutter_vr_tablet_extra&quot;:15,&quot;gutter_vr_laptop&quot;:15,&quot;gutter_vr_widescreen&quot;:15,&quot;animation&quot;:&quot;default&quot;,&quot;animation_duration&quot;:0.3,&quot;animation_delay&quot;:0.1,&quot;deeplinking&quot;:&quot;&quot;,&quot;filters_linkable&quot;:&quot;no&quot;,&quot;filters_default_filter&quot;:&quot;&quot;,&quot;filters_count&quot;:&quot;&quot;,&quot;filters_hide_empty&quot;:&quot;yes&quot;,&quot;filters_animation&quot;:&quot;default&quot;,&quot;filters_animation_duration&quot;:0.3,&quot;filters_animation_delay&quot;:0.1,&quot;pagination_type&quot;:&quot;load-more&quot;,&quot;pagination_max_pages&quot;:1,&quot;lightbox&quot;:{&quot;selector&quot;:&quot;.wpr-grid-image-wrap&quot;,&quot;iframeMaxWidth&quot;:&quot;60%&quot;,&quot;hash&quot;:false,&quot;autoplay&quot;:&quot;true&quot;,&quot;pause&quot;:5000,&quot;progressBar&quot;:&quot;true&quot;,&quot;counter&quot;:&quot;true&quot;,&quot;controls&quot;:&quot;true&quot;,&quot;getCaptionFromTitleOrAlt&quot;:&quot;true&quot;,&quot;thumbnail&quot;:&quot;&quot;,&quot;showThumbByDefault&quot;:&quot;&quot;,&quot;share&quot;:&quot;&quot;,&quot;zoom&quot;:&quot;true&quot;,&quot;fullScreen&quot;:&quot;true&quot;,&quot;download&quot;:&quot;true&quot;}}\" data-advanced-filters=\"no\"><article class=\"wpr-grid-item elementor-clearfix post-702 post type-post status-publish format-standard has-post-thumbnail hentry category-metinlerimiz\"><div class=\"wpr-grid-item-inner\"><div class=\"wpr-grid-media-wrap wpr-effect-size-medium \" data-overlay-link=\"yes\"><div class=\"wpr-grid-image-wrap\" data-src=\"https:\/\/www.barisaihtiyacimvar.com\/wp-content\/uploads\/2026\/02\/WhatsApp-Image-2026-02-19-at-11.20.35.jpeg\" data-img-on-hover=\"\"  data-src-secondary=\"\"><img decoding=\"async\" data-no-lazy=\"1\" src=\"https:\/\/www.barisaihtiyacimvar.com\/wp-content\/uploads\/2026\/02\/WhatsApp-Image-2026-02-19-at-11.20.35.jpeg\" alt=\"Biz kad\u0131nlar, HT\u015e\u2019nin Rojava\u2019ya y\u00f6nelik sald\u0131r\u0131lar\u0131n\u0131n kar\u015f\u0131s\u0131nday\u0131z!\" class=\"wpr-anim-timing-ease-default\"><\/div><div class=\"wpr-grid-media-hover wpr-animation-wrap\"><div class=\"wpr-grid-media-hover-bg  wpr-overlay-fade-in wpr-anim-size-large wpr-anim-timing-ease-default wpr-anim-transparency\" data-url=\"https:\/\/www.barisaihtiyacimvar.com\/index.php\/2026\/02\/19\/biz-kadinlar-htsnin-rojavaya-yonelik-saldirilarinin-karsisindayiz\/\"><\/div><\/div><\/div><div class=\"wpr-grid-item-below-content elementor-clearfix\"><h2 class=\"wpr-grid-item-title elementor-repeater-item-13f2336 wpr-grid-item-display-block wpr-grid-item-align-left wpr-pointer-none wpr-pointer-line-fx wpr-pointer-fx-fade\"><div class=\"inner-block\"><a target=\"_self\"  href=\"https:\/\/www.barisaihtiyacimvar.com\/index.php\/2026\/02\/19\/biz-kadinlar-htsnin-rojavaya-yonelik-saldirilarinin-karsisindayiz\/\">Biz kad\u0131nlar, HT\u015e\u2019nin Rojava\u2019ya y\u00f6nelik sald\u0131r\u0131lar\u0131n\u0131n kar\u015f\u0131s\u0131nday\u0131z!<\/a><\/div><\/h2><div class=\"wpr-grid-item-excerpt elementor-repeater-item-af2584f wpr-grid-item-display-block wpr-grid-item-align-left\"><div class=\"inner-block\"><p>Biz, T\u00fcrkiye\u2019de K\u00fcrt sorununun demokratik ve siyasi \u00e7\u00f6z\u00fcm\u00fc temelinde bar\u0131\u015f\u0131 in\u015fa etmek, kad\u0131nlar\u0131n bar\u0131\u015fa ili\u015fkin politikalar\u0131n\u0131 hayata ge\u00e7irmek i\u00e7in \u00f6rg\u00fctlenen...<\/p><\/div><\/div><div class=\"wpr-grid-item-read-more elementor-repeater-item-eee3888 wpr-grid-item-display-block wpr-grid-item-align-left\"><div class=\"inner-block\"><a target=\"_self\" href=\"https:\/\/www.barisaihtiyacimvar.com\/index.php\/2026\/02\/19\/biz-kadinlar-htsnin-rojavaya-yonelik-saldirilarinin-karsisindayiz\/\" class=\"wpr-button-effect wpr-button-none\"><span>Oku<\/span><\/a><\/div><\/div><\/div><\/div><\/article><article class=\"wpr-grid-item elementor-clearfix post-457 post type-post status-publish format-standard has-post-thumbnail hentry category-aciklamalarimiz category-manset category-metinlerimiz\"><div class=\"wpr-grid-item-inner\"><div class=\"wpr-grid-media-wrap wpr-effect-size-medium \" data-overlay-link=\"yes\"><div class=\"wpr-grid-image-wrap\" data-src=\"https:\/\/www.barisaihtiyacimvar.com\/wp-content\/uploads\/2025\/12\/leyla-zana-manset-scaled.png\" data-img-on-hover=\"\"  data-src-secondary=\"\"><img decoding=\"async\" data-no-lazy=\"1\" src=\"https:\/\/www.barisaihtiyacimvar.com\/wp-content\/uploads\/2025\/12\/leyla-zana-manset-scaled.png\" alt=\"Bu bir su\u00e7 duyurusudur!\" class=\"wpr-anim-timing-ease-default\"><\/div><div class=\"wpr-grid-media-hover wpr-animation-wrap\"><div class=\"wpr-grid-media-hover-bg  wpr-overlay-fade-in wpr-anim-size-large wpr-anim-timing-ease-default wpr-anim-transparency\" data-url=\"https:\/\/www.barisaihtiyacimvar.com\/index.php\/2025\/12\/30\/bu-bir-suc-duyurusudur\/\"><\/div><\/div><\/div><div class=\"wpr-grid-item-below-content elementor-clearfix\"><h2 class=\"wpr-grid-item-title elementor-repeater-item-13f2336 wpr-grid-item-display-block wpr-grid-item-align-left wpr-pointer-none wpr-pointer-line-fx wpr-pointer-fx-fade\"><div class=\"inner-block\"><a target=\"_self\"  href=\"https:\/\/www.barisaihtiyacimvar.com\/index.php\/2025\/12\/30\/bu-bir-suc-duyurusudur\/\">Bu bir su\u00e7 duyurusudur!<\/a><\/div><\/h2><div class=\"wpr-grid-item-excerpt elementor-repeater-item-af2584f wpr-grid-item-display-block wpr-grid-item-align-left\"><div class=\"inner-block\"><p>Leyla Zana\u2019ya cinsiyet\u00e7i sald\u0131r\u0131n\u0131n sava\u015f\u0131 k\u0131\u015fk\u0131rtma arac\u0131 olarak kullan\u0131lmas\u0131n\u0131 kabul etmiyoruz! Bursaspor ile Somaspor aras\u0131nda 16 Aral\u0131k 2025\u2019de oynanan kar\u015f\u0131la\u015fman\u0131n...<\/p><\/div><\/div><div class=\"wpr-grid-item-read-more elementor-repeater-item-eee3888 wpr-grid-item-display-block wpr-grid-item-align-left\"><div class=\"inner-block\"><a target=\"_self\" href=\"https:\/\/www.barisaihtiyacimvar.com\/index.php\/2025\/12\/30\/bu-bir-suc-duyurusudur\/\" class=\"wpr-button-effect wpr-button-none\"><span>Oku<\/span><\/a><\/div><\/div><\/div><\/div><\/article><article class=\"wpr-grid-item elementor-clearfix post-539 post type-post status-publish format-standard has-post-thumbnail hentry category-manset category-metinlerimiz\"><div class=\"wpr-grid-item-inner\"><div class=\"wpr-grid-media-wrap wpr-effect-size-medium \" data-overlay-link=\"yes\"><div class=\"wpr-grid-image-wrap\" data-src=\"https:\/\/www.barisaihtiyacimvar.com\/wp-content\/uploads\/2025\/12\/komisyon-raporu.jpeg\" data-img-on-hover=\"\"  data-src-secondary=\"\"><img decoding=\"async\" data-no-lazy=\"1\" src=\"https:\/\/www.barisaihtiyacimvar.com\/wp-content\/uploads\/2025\/12\/komisyon-raporu.jpeg\" alt=\"TBMM Dayan\u0131\u015fma, Karde\u015flik ve Demokrasi Komisyonu&#8217;na sundu\u011fumuz rapor\" class=\"wpr-anim-timing-ease-default\"><\/div><div class=\"wpr-grid-media-hover wpr-animation-wrap\"><div class=\"wpr-grid-media-hover-bg  wpr-overlay-fade-in wpr-anim-size-large wpr-anim-timing-ease-default wpr-anim-transparency\" data-url=\"https:\/\/www.barisaihtiyacimvar.com\/index.php\/2025\/12\/29\/tbmm-dayanisma-kardeslik-ve-demokrasi-komisyonuna-sundugumuz-rapor\/\"><\/div><\/div><\/div><div class=\"wpr-grid-item-below-content elementor-clearfix\"><h2 class=\"wpr-grid-item-title elementor-repeater-item-13f2336 wpr-grid-item-display-block wpr-grid-item-align-left wpr-pointer-none wpr-pointer-line-fx wpr-pointer-fx-fade\"><div class=\"inner-block\"><a target=\"_self\"  href=\"https:\/\/www.barisaihtiyacimvar.com\/index.php\/2025\/12\/29\/tbmm-dayanisma-kardeslik-ve-demokrasi-komisyonuna-sundugumuz-rapor\/\">TBMM Dayan\u0131\u015fma, Karde\u015flik ve Demokrasi Komisyonu&#8217;na sundu\u011fumuz rapor<\/a><\/div><\/h2><div class=\"wpr-grid-item-read-more elementor-repeater-item-eee3888 wpr-grid-item-display-block wpr-grid-item-align-left\"><div class=\"inner-block\"><a target=\"_self\" href=\"https:\/\/www.barisaihtiyacimvar.com\/index.php\/2025\/12\/29\/tbmm-dayanisma-kardeslik-ve-demokrasi-komisyonuna-sundugumuz-rapor\/\" class=\"wpr-button-effect wpr-button-none\"><span>Oku<\/span><\/a><\/div><\/div><\/div><\/div><\/article><article class=\"wpr-grid-item elementor-clearfix post-544 post type-post status-publish format-standard has-post-thumbnail hentry category-aciklamalarimiz category-manset category-metinlerimiz\"><div class=\"wpr-grid-item-inner\"><div class=\"wpr-grid-media-wrap wpr-effect-size-medium \" data-overlay-link=\"yes\"><div class=\"wpr-grid-image-wrap\" data-src=\"https:\/\/www.barisaihtiyacimvar.com\/wp-content\/uploads\/2025\/08\/WhatsApp-Image-2025-08-07-at-17.55.16.jpeg\" data-img-on-hover=\"\"  data-src-secondary=\"\"><img decoding=\"async\" data-no-lazy=\"1\" src=\"https:\/\/www.barisaihtiyacimvar.com\/wp-content\/uploads\/2025\/08\/WhatsApp-Image-2025-08-07-at-17.55.16.jpeg\" alt=\"Demokrasi i\u00e7in 3 acil talep\" class=\"wpr-anim-timing-ease-default\"><\/div><div class=\"wpr-grid-media-hover wpr-animation-wrap\"><div class=\"wpr-grid-media-hover-bg  wpr-overlay-fade-in wpr-anim-size-large wpr-anim-timing-ease-default wpr-anim-transparency\" data-url=\"https:\/\/www.barisaihtiyacimvar.com\/index.php\/2025\/12\/28\/demokrasi-icin-3-acil-talep\/\"><\/div><\/div><\/div><div class=\"wpr-grid-item-below-content elementor-clearfix\"><h2 class=\"wpr-grid-item-title elementor-repeater-item-13f2336 wpr-grid-item-display-block wpr-grid-item-align-left wpr-pointer-none wpr-pointer-line-fx wpr-pointer-fx-fade\"><div class=\"inner-block\"><a target=\"_self\"  href=\"https:\/\/www.barisaihtiyacimvar.com\/index.php\/2025\/12\/28\/demokrasi-icin-3-acil-talep\/\">Demokrasi i\u00e7in 3 acil talep<\/a><\/div><\/h2><div class=\"wpr-grid-item-read-more elementor-repeater-item-eee3888 wpr-grid-item-display-block wpr-grid-item-align-left\"><div class=\"inner-block\"><a target=\"_self\" href=\"https:\/\/www.barisaihtiyacimvar.com\/index.php\/2025\/12\/28\/demokrasi-icin-3-acil-talep\/\" class=\"wpr-button-effect wpr-button-none\"><span>Oku<\/span><\/a><\/div><\/div><\/div><\/div><\/article><article class=\"wpr-grid-item elementor-clearfix post-542 post type-post status-publish format-standard has-post-thumbnail hentry category-manset category-metinlerimiz\"><div class=\"wpr-grid-item-inner\"><div class=\"wpr-grid-media-wrap wpr-effect-size-medium \" data-overlay-link=\"yes\"><div class=\"wpr-grid-image-wrap\" data-src=\"https:\/\/www.barisaihtiyacimvar.com\/wp-content\/uploads\/2025\/08\/WhatsApp-Image-2025-08-14-at-22.19.28.jpeg\" data-img-on-hover=\"\"  data-src-secondary=\"\"><img decoding=\"async\" data-no-lazy=\"1\" src=\"https:\/\/www.barisaihtiyacimvar.com\/wp-content\/uploads\/2025\/08\/WhatsApp-Image-2025-08-14-at-22.19.28.jpeg\" alt=\"&#8220;Kad\u0131nlar Bar\u0131\u015f\u0131 Konu\u015fuyor&#8221; \u00c7al\u0131\u015ftay\u0131 Sonu\u00e7 Bildirgesi\" class=\"wpr-anim-timing-ease-default\"><\/div><div class=\"wpr-grid-media-hover wpr-animation-wrap\"><div class=\"wpr-grid-media-hover-bg  wpr-overlay-fade-in wpr-anim-size-large wpr-anim-timing-ease-default wpr-anim-transparency\" data-url=\"https:\/\/www.barisaihtiyacimvar.com\/index.php\/2025\/12\/27\/kadinlar-barisi-konusuyor-calistayi-sonuc-bildirgesi\/\"><\/div><\/div><\/div><div class=\"wpr-grid-item-below-content elementor-clearfix\"><h2 class=\"wpr-grid-item-title elementor-repeater-item-13f2336 wpr-grid-item-display-block wpr-grid-item-align-left wpr-pointer-none wpr-pointer-line-fx wpr-pointer-fx-fade\"><div class=\"inner-block\"><a target=\"_self\"  href=\"https:\/\/www.barisaihtiyacimvar.com\/index.php\/2025\/12\/27\/kadinlar-barisi-konusuyor-calistayi-sonuc-bildirgesi\/\">&#8220;Kad\u0131nlar Bar\u0131\u015f\u0131 Konu\u015fuyor&#8221; \u00c7al\u0131\u015ftay\u0131 Sonu\u00e7 Bildirgesi<\/a><\/div><\/h2><div class=\"wpr-grid-item-read-more elementor-repeater-item-eee3888 wpr-grid-item-display-block wpr-grid-item-align-left\"><div class=\"inner-block\"><a target=\"_self\" href=\"https:\/\/www.barisaihtiyacimvar.com\/index.php\/2025\/12\/27\/kadinlar-barisi-konusuyor-calistayi-sonuc-bildirgesi\/\" class=\"wpr-button-effect wpr-button-none\"><span>Oku<\/span><\/a><\/div><\/div><\/div><\/div><\/article><\/section>\t\t\t\t<\/div>\n\t\t\t\t\t<\/div>\n\t\t<\/div>\n\t\t\t\t\t<\/div>\n\t\t<\/section>\n\t\t\t\t<\/div>\n\t\t","protected":false},"excerpt":{"rendered":"<p>Metinlerimiz Metinlerimiz Bu bir su\u00e7 duyurusudur! Leyla Zana\u2019ya cinsiyet\u00e7i sald\u0131r\u0131n\u0131n sava\u015f\u0131 k\u0131\u015fk\u0131rtma arac\u0131 olarak kullan\u0131lmas\u0131n\u0131 kabul etmiyoruz! Bursaspor ile Somaspor aras\u0131nda 16 Aral\u0131k 2025\u2019de oynanan kar\u015f\u0131la\u015fman\u0131n&#8230; Oku TBMM Dayan\u0131\u015fma, Karde\u015flik ve Demokrasi Komisyonu&#8217;na sundu\u011fumuz rapor Oku Demokrasi i\u00e7in 3 acil talep Oku &#8220;Kad\u0131nlar Bar\u0131\u015f\u0131 Konu\u015fuyor&#8221; \u00c7al\u0131\u015ftay\u0131 Sonu\u00e7 Bildirgesi Oku<\/p>\n","protected":false},"author":1,"featured_media":0,"parent":0,"menu_order":0,"comment_status":"closed","ping_status":"closed","template":"elementor_header_footer","meta":{"footnotes":""},"class_list":["post-76","page","type-page","status-publish","hentry"],"_links":{"self":[{"href":"https:\/\/www.barisaihtiyacimvar.com\/index.php\/wp-json\/wp\/v2\/pages\/76","targetHints":{"allow":["GET"]}}],"collection":[{"href":"https:\/\/www.barisaihtiyacimvar.com\/index.php\/wp-json\/wp\/v2\/pages"}],"about":[{"href":"https:\/\/www.barisaihtiyacimvar.com\/index.php\/wp-json\/wp\/v2\/types\/page"}],"author":[{"embeddable":true,"href":"https:\/\/www.barisaihtiyacimvar.com\/index.php\/wp-json\/wp\/v2\/users\/1"}],"replies":[{"embeddable":true,"href":"https:\/\/www.barisaihtiyacimvar.com\/index.php\/wp-json\/wp\/v2\/comments?post=76"}],"version-history":[{"count":34,"href":"https:\/\/www.barisaihtiyacimvar.com\/index.php\/wp-json\/wp\/v2\/pages\/76\/revisions"}],"predecessor-version":[{"id":568,"href":"https:\/\/www.barisaihtiyacimvar.com\/index.php\/wp-json\/wp\/v2\/pages\/76\/revisions\/568"}],"wp:attachment":[{"href":"https:\/\/www.barisaihtiyacimvar.com\/index.php\/wp-json\/wp\/v2\/media?parent=76"}],"curies":[{"name":"wp","href":"https:\/\/api.w.org\/{rel}","templated":true}]}}